{"id":3,"date":"2007-10-02T11:21:12","date_gmt":"2007-10-02T09:21:12","guid":{"rendered":"http:\/\/www.veterina-holesov.cz"},"modified":"2026-03-24T10:01:28","modified_gmt":"2026-03-24T08:01:28","slug":"uvod","status":"publish","type":"page","link":"https:\/\/www.veterina-holesov.cz\/","title":{"rendered":"\u00davod"},"content":{"rendered":"<p class=\"style1\" align=\"center\">Dobr\u00fd den V\u00e1\u017een\u00ed n\u00e1v\u0161t\u011bvn\u00edci,<br>v\u00edtejte na webov\u00fdch str\u00e1nk\u00e1ch <span lang=\"cs\">soukrom\u00e9ho veterin\u00e1rn\u00edho l\u00e9ka\u0159e<\/span><\/p>\n<p style=\"text-align: center;\"><img loading=\"lazy\" class=\"alignnone wp-image-209 size-full\" src=\"http:\/\/www.veterina-holesov.cz\/wp-content\/uploads\/2007\/10\/veterina-holecov.jpg\" alt=\"Veterina Hole\u0161ov\" width=\"640\" height=\"481\" srcset=\"https:\/\/www.veterina-holesov.cz\/wp-content\/uploads\/2007\/10\/veterina-holecov.jpg 640w, https:\/\/www.veterina-holesov.cz\/wp-content\/uploads\/2007\/10\/veterina-holecov-300x225.jpg 300w\" sizes=\"(max-width: 640px) 100vw, 640px\" \/><\/p>\n<p class=\"style1\" align=\"center\"><span lang=\"cs\"><strong>MVDr. Martina \u0160ando<\/strong><\/span><\/p>\n<p align=\"center\">P\u0159ipravili jsme pro V\u00e1s zaj\u00edmav\u00e9 informace z oblasti veterin\u00e1rn\u00ed p\u00e9\u010de dom\u00e1c\u00edch zv\u00ed\u0159at.<br>Na\u0161e ordinace poskytuje <a title=\"Slu\u017eby\" href=\"http:\/\/www.veterina-holesov.cz\/?page_id=7\">odborn\u00e1 o\u0161et\u0159en\u00ed<\/a> pro Va\u0161e dom\u00e1c\u00ed mazl\u00ed\u010dky.<br>M\u00e1te-li n\u011bjak\u00e9 dotazy, <a title=\"Kontakt\" href=\"http:\/\/www.veterina-holesov.cz\/?page_id=4\">napi\u0161te n\u00e1m<\/a>, nebo p\u0159ipojte sv\u016fj koment\u00e1\u0159 k odborn\u00fdm \u010dl\u00e1nk\u016fm<br>v na\u0161\u00ed <a title=\"Poradna\" href=\"http:\/\/www.veterina-holesov.cz\/?page_id=5\">poradn\u011b<\/a>. T\u011b\u0161\u00ed n\u00e1s, \u017ee m\u00e1te o na\u0161e slu\u017eby z\u00e1jem.<\/p>\n<p style=\"text-align: center;\"><span style=\"font-size: 1em; line-height: 1.3em;\">&nbsp;<\/span><u><span style=\"color: #ff0000;\"><strong>POZOR !!<\/strong><\/span><\/u><\/p>\n<p style=\"text-align: center;\"><strong>V p\u00e1tek 10.4.2026 neordinujeme.&nbsp;<\/strong><\/p>\n<p style=\"text-align: right; margin: 0px 0px 18px;\">D\u011bkujeme<span style=\"font-size: 1em; line-height: 1.3em;\">&nbsp;V\u00e1m za n\u00e1v\u0161t\u011bvu.<\/span><\/p>\n\n","protected":false},"excerpt":{"rendered":"<p>Dobr\u00fd den V\u00e1\u017een\u00ed n\u00e1v\u0161t\u011bvn\u00edci,v\u00edtejte na webov\u00fdch str\u00e1nk\u00e1ch soukrom\u00e9ho veterin\u00e1rn\u00edho l\u00e9ka\u0159e MVDr. Martina \u0160ando P\u0159ipravili jsme pro V\u00e1s zaj\u00edmav\u00e9 informace z oblasti veterin\u00e1rn\u00ed p\u00e9\u010de dom\u00e1c\u00edch zv\u00ed\u0159at.Na\u0161e ordinace poskytuje odborn\u00e1 o\u0161et\u0159en\u00ed pro Va\u0161e dom\u00e1c\u00ed mazl\u00ed\u010dky.M\u00e1te-li n\u011bjak\u00e9 dotazy, napi\u0161te n\u00e1m, nebo p\u0159ipojte sv\u016fj koment\u00e1\u0159 k odborn\u00fdm \u010dl\u00e1nk\u016fmv na\u0161\u00ed poradn\u011b. T\u011b\u0161\u00ed n\u00e1s, \u017ee m\u00e1te o na\u0161e slu\u017eby z\u00e1jem. &nbsp;POZOR<br \/><a class=\"moretag\" href=\"https:\/\/www.veterina-holesov.cz\/\">+ Read More<\/a><\/p>\n","protected":false},"author":1,"featured_media":0,"parent":0,"menu_order":10,"comment_status":"closed","ping_status":"open","template":"","meta":{"ngg_post_thumbnail":0},"_links":{"self":[{"href":"https:\/\/www.veterina-holesov.cz\/index.php?rest_route=\/wp\/v2\/pages\/3"}],"collection":[{"href":"https:\/\/www.veterina-holesov.cz\/index.php?rest_route=\/wp\/v2\/pages"}],"about":[{"href":"https:\/\/www.veterina-holesov.cz\/index.php?rest_route=\/wp\/v2\/types\/page"}],"author":[{"embeddable":true,"href":"https:\/\/www.veterina-holesov.cz\/index.php?rest_route=\/wp\/v2\/users\/1"}],"replies":[{"embeddable":true,"href":"https:\/\/www.veterina-holesov.cz\/index.php?rest_route=%2Fwp%2Fv2%2Fcomments&post=3"}],"version-history":[{"count":198,"href":"https:\/\/www.veterina-holesov.cz\/index.php?rest_route=\/wp\/v2\/pages\/3\/revisions"}],"predecessor-version":[{"id":464,"href":"https:\/\/www.veterina-holesov.cz\/index.php?rest_route=\/wp\/v2\/pages\/3\/revisions\/464"}],"wp:attachment":[{"href":"https:\/\/www.veterina-holesov.cz\/index.php?rest_route=%2Fwp%2Fv2%2Fmedia&parent=3"}],"curies":[{"name":"wp","href":"https:\/\/api.w.org\/{rel}","templated":true}]}}