{"id":7,"date":"2007-11-05T17:29:14","date_gmt":"2007-11-05T15:29:14","guid":{"rendered":"http:\/\/www.veterina-holesov.cz\/?page_id=7"},"modified":"2007-12-08T16:53:01","modified_gmt":"2007-12-08T14:53:01","slug":"sluzby","status":"publish","type":"page","link":"http:\/\/www.veterina-holesov.cz\/?page_id=7","title":{"rendered":"Slu\u017eby"},"content":{"rendered":"<p align=\"center\">V na\u0161\u00ed veterin\u00e1rn\u00ed ordinaci se specializujeme na poskytov\u00e1n\u00ed n\u00e1sleduj\u00edc\u00edch slu\u017eeb:<\/p>\n<ul>\n<li>veterin\u00e1rn\u00ed l\u00e9\u010debn\u00e9 a preventivn\u00ed z\u00e1kroky u mal\u00fdch zv\u00ed\u0159at (psi, ko\u010dky a drobn\u00e1 zv\u00ed\u0159ata)<\/li>\n<li>intern\u00ed medic\u00edna<\/li>\n<li>specializace na nemoci ob\u011bhov\u00e9ho a d\u00fdchac\u00edho syst\u00e9mu<\/li>\n<li>dermatologie a alergologie<\/li>\n<li>oftalmologie<\/li>\n<li>chirurgie<\/li>\n<li>porodnictv\u00ed a gynekologie<\/li>\n<li>stomatologie v\u010detn\u011b zubn\u00edho ultrazvuku<\/li>\n<li><a href=\"http:\/\/www.veterina-holesov.cz\/?page_id=10&amp;picture_id=20\" title=\"Rentgenov\u00fd sn\u00edmek\">rentgenologick\u00e9<\/a> vy\u0161et\u0159en\u00ed<\/li>\n<li><a href=\"http:\/\/www.veterina-holesov.cz\/?page_id=10&amp;picture_id=7\" title=\"Ultrazvuk\">ultrazvukov\u00e9<\/a> vy\u0161et\u0159en\u00ed srdce a vnit\u0159n\u00edch org\u00e1n\u016f<\/li>\n<li><a href=\"http:\/\/www.veterina-holesov.cz\/?page_id=10&amp;picture_id=29\" title=\"EKG z\u00e1znam\">EKG<\/a><\/li>\n<li>\u010dipov\u00e1n\u00ed a vystavov\u00e1n\u00ed cestovn\u00edch doklad\u016f<\/li>\n<li>prodej krmiv a potravn\u00edch dopl\u0148k\u016f<\/li>\n<li>exteri\u00e9rov\u00e1 \u00faprava a st\u0159\u00edh\u00e1n\u00ed ps\u016f<\/li>\n<\/ul>\n<p align=\"center\"><img src=\"http:\/\/www.veterina-holesov.cz\/wp-content\/uploads\/2007\/12\/pes_02.jpg\" alt=\"hlidac1\" \/><\/p>\n","protected":false},"excerpt":{"rendered":"<p>V na\u0161\u00ed veterin\u00e1rn\u00ed ordinaci se specializujeme na poskytov\u00e1n\u00ed n\u00e1sleduj\u00edc\u00edch slu\u017eeb: veterin\u00e1rn\u00ed l\u00e9\u010debn\u00e9 a preventivn\u00ed z\u00e1kroky u mal\u00fdch zv\u00ed\u0159at (psi, ko\u010dky a drobn\u00e1 zv\u00ed\u0159ata) intern\u00ed medic\u00edna specializace na nemoci ob\u011bhov\u00e9ho a d\u00fdchac\u00edho syst\u00e9mu dermatologie a alergologie oftalmologie chirurgie porodnictv\u00ed a gynekologie stomatologie v\u010detn\u011b zubn\u00edho ultrazvuku rentgenologick\u00e9 vy\u0161et\u0159en\u00ed ultrazvukov\u00e9 vy\u0161et\u0159en\u00ed srdce a vnit\u0159n\u00edch org\u00e1n\u016f EKG \u010dipov\u00e1n\u00ed a<br \/><a class=\"moretag\" href=\"http:\/\/www.veterina-holesov.cz\/?page_id=7\">+ Read More<\/a><\/p>\n","protected":false},"author":1,"featured_media":0,"parent":0,"menu_order":20,"comment_status":"closed","ping_status":"open","template":"","meta":{"ngg_post_thumbnail":0},"_links":{"self":[{"href":"http:\/\/www.veterina-holesov.cz\/index.php?rest_route=\/wp\/v2\/pages\/7"}],"collection":[{"href":"http:\/\/www.veterina-holesov.cz\/index.php?rest_route=\/wp\/v2\/pages"}],"about":[{"href":"http:\/\/www.veterina-holesov.cz\/index.php?rest_route=\/wp\/v2\/types\/page"}],"author":[{"embeddable":true,"href":"http:\/\/www.veterina-holesov.cz\/index.php?rest_route=\/wp\/v2\/users\/1"}],"replies":[{"embeddable":true,"href":"http:\/\/www.veterina-holesov.cz\/index.php?rest_route=%2Fwp%2Fv2%2Fcomments&post=7"}],"version-history":[{"count":0,"href":"http:\/\/www.veterina-holesov.cz\/index.php?rest_route=\/wp\/v2\/pages\/7\/revisions"}],"wp:attachment":[{"href":"http:\/\/www.veterina-holesov.cz\/index.php?rest_route=%2Fwp%2Fv2%2Fmedia&parent=7"}],"curies":[{"name":"wp","href":"https:\/\/api.w.org\/{rel}","templated":true}]}}