{"id":4,"date":"2007-10-02T11:31:14","date_gmt":"2007-10-02T09:31:14","guid":{"rendered":"http:\/\/www.veterina-holesov.cz\/?page_id=4"},"modified":"2016-10-04T16:44:32","modified_gmt":"2016-10-04T14:44:32","slug":"kontakt","status":"publish","type":"page","link":"http:\/\/www.veterina-holesov.cz\/?page_id=4","title":{"rendered":"Kontakt"},"content":{"rendered":"<table width=\"100%\">\n<tbody>\n<tr>\n<td align=\"center\">\n<p align=\"center\"><strong>Adresa ordinace Hole\u0161ov:<\/strong><br \/>\nBarto\u0161ova 746<br \/>\n769 01 Hole\u0161ov<br \/>\n<span style=\"color: gray; font-size: xx-small;\">GPS:49.3279500N,17.5659306E<\/span><\/p>\n<p align=\"center\"><img src=\"http:\/\/www.veterina-holesov.cz\/wp-content\/uploads\/2015\/01\/holesov.JPG\" alt=\"Hole\u0161ov\" \/><\/p>\n<p align=\"center\"><a href=\"http:\/\/www.mapy.cz\/zakladni?x=17.5667998&amp;y=49.3278659&amp;z=16&amp;source=firm&amp;id=2136256\" target=\"_blank\"><img loading=\"lazy\" title=\"Najdete n\u00e1s zde\" src=\"http:\/\/1.im.cz\/mapy\/img\/usericon.gif\" alt=\"Najdete n\u00e1s zde\" width=\"88\" height=\"31\" border=\"0\" \/><\/a><\/p>\n<\/td>\n<td align=\"center\">\n<p align=\"center\"><strong>Adresa ordinace Fry\u0161t\u00e1k:<\/strong><br \/>\nN\u00e1m\u011bst\u00ed m\u00edru 45<br \/>\n763 16 Fry\u0161t\u00e1k<br \/>\n<span style=\"color: gray; font-size: xx-small;\">GPS:49.2847850N,17.6834689E<\/span><\/p>\n<p align=\"center\"><img src=\"http:\/\/www.veterina-holesov.cz\/wp-content\/uploads\/2015\/01\/frystak.JPG\" alt=\"Fry\u0161t\u00e1k\" \/><\/p>\n<p align=\"center\"><a href=\"https:\/\/mapy.cz\/zakladni?x=17.6834691&#038;y=49.2845822&#038;z=17&#038;source=addr&#038;id=9500344\" target=\"_blank\"><img loading=\"lazy\" title=\"Najdete n\u00e1s zde\" src=\"http:\/\/1.im.cz\/mapy\/img\/usericon.gif\" alt=\"Najdete n\u00e1s zde\" width=\"88\" height=\"31\" border=\"0\" \/><\/a><\/p>\n<\/td>\n<\/tr>\n<\/tbody>\n<\/table>\n<p align=\"center\">tel.: 605 251 863,  573 394 511<br \/>\nE-mail: sando@veterina-holesov.cz<\/p>\n","protected":false},"excerpt":{"rendered":"<p>Adresa ordinace Hole\u0161ov: Barto\u0161ova 746 769 01 Hole\u0161ov GPS:49.3279500N,17.5659306E Adresa ordinace Fry\u0161t\u00e1k: N\u00e1m\u011bst\u00ed m\u00edru 45 763 16 Fry\u0161t\u00e1k GPS:49.2847850N,17.6834689E tel.: 605 251 863, 573 394 511 E-mail: sando@veterina-holesov.cz<\/p>\n","protected":false},"author":1,"featured_media":0,"parent":0,"menu_order":99,"comment_status":"closed","ping_status":"open","template":"","meta":{"ngg_post_thumbnail":0},"_links":{"self":[{"href":"http:\/\/www.veterina-holesov.cz\/index.php?rest_route=\/wp\/v2\/pages\/4"}],"collection":[{"href":"http:\/\/www.veterina-holesov.cz\/index.php?rest_route=\/wp\/v2\/pages"}],"about":[{"href":"http:\/\/www.veterina-holesov.cz\/index.php?rest_route=\/wp\/v2\/types\/page"}],"author":[{"embeddable":true,"href":"http:\/\/www.veterina-holesov.cz\/index.php?rest_route=\/wp\/v2\/users\/1"}],"replies":[{"embeddable":true,"href":"http:\/\/www.veterina-holesov.cz\/index.php?rest_route=%2Fwp%2Fv2%2Fcomments&post=4"}],"version-history":[{"count":6,"href":"http:\/\/www.veterina-holesov.cz\/index.php?rest_route=\/wp\/v2\/pages\/4\/revisions"}],"predecessor-version":[{"id":61,"href":"http:\/\/www.veterina-holesov.cz\/index.php?rest_route=\/wp\/v2\/pages\/4\/revisions\/61"}],"wp:attachment":[{"href":"http:\/\/www.veterina-holesov.cz\/index.php?rest_route=%2Fwp%2Fv2%2Fmedia&parent=4"}],"curies":[{"name":"wp","href":"https:\/\/api.w.org\/{rel}","templated":true}]}}